{"id":207,"date":"2023-09-20T19:01:37","date_gmt":"2023-09-20T17:01:37","guid":{"rendered":"http:\/\/specimd.cluster029.hosting.ovh.net\/?page_id=207"},"modified":"2024-05-12T15:04:54","modified_gmt":"2024-05-12T13:04:54","slug":"207-2","status":"publish","type":"page","link":"http:\/\/www.specimenfilms.com\/index.php\/207-2\/","title":{"rendered":""},"content":{"rendered":"\n<p class=\"has-text-align-center\" style=\"font-size:57px\"><strong>LESKOVIK<\/strong><\/p>\n\n\n\n<p class=\"has-text-align-center has-small-font-size\">Arthur Michel \u2022 fiction \u2022 75&prime; \u2022 in production \u2022 2023<\/p>\n\n\n\n<div class=\"wp-block-columns is-layout-flex wp-container-core-columns-is-layout-9d6595d7 wp-block-columns-is-layout-flex\">\n<div class=\"wp-block-column is-layout-flow wp-block-column-is-layout-flow\" style=\"flex-basis:66.66%\">\n<p style=\"font-size:15px\">Leskovik, a small town in the mountains of southern Albania, on the border with Europe. Once bustling, Leskovik is now deserted by its youth, who are leaving for the capital or abroad. But some remain: \u00c7ome, to revive the local economy; Byrlyly, because the blood of these mountains runs through his veins; and Aris, who is reluctant to leave either. Lulled by local legends, they set off on boneless old scooters, armed with metal detectors, in search of a hidden ancient city and its artifacts. On their way through the mountains, the tree men will encounter strange encounters, and this mystical quest will test what unites them to each other and to Albania.<\/p>\n<\/div>\n\n\n\n<div class=\"wp-block-column is-layout-flow wp-block-column-is-layout-flow\" style=\"flex-basis:33.33%\">\n<p class=\"has-black-color has-text-color\" style=\"font-size:15px\">Written and directed by Arthur Michel<\/p>\n\n\n\n<p class=\"has-small-font-size\">With the support of La F\u00e9d\u00e9ration Wallonie -Bruxelles &#8211; Aide aux productions l\u00e9g\u00e8res 2023<\/p>\n\n\n\n<p class=\"has-small-font-size\">Pitch at Balkan Film Market 2023 <\/p>\n\n\n\n<p class=\"has-small-font-size\">Groupe Ouest 2024 <\/p>\n\n\n\n<p class=\"has-small-font-size\">Selected at Up-coming producers of the BRIFF 2024<\/p>\n\n\n\n<p class=\"has-medium-font-size\"><\/p>\n\n\n\n<p class=\"has-medium-font-size\"><\/p>\n<\/div>\n<\/div>\n\n\n\n<div class=\"wp-block-group alignfull\"><div class=\"wp-block-group__inner-container is-layout-constrained wp-block-group-is-layout-constrained\">\n<div class=\"wp-block-columns is-layout-flex wp-container-core-columns-is-layout-9d6595d7 wp-block-columns-is-layout-flex\">\n<div class=\"wp-block-column is-layout-flow wp-block-column-is-layout-flow\">\n<figure class=\"wp-block-image size-full\"><img loading=\"lazy\" decoding=\"async\" width=\"945\" height=\"591\" src=\"http:\/\/specimd.cluster029.hosting.ovh.net\/wp-content\/uploads\/2023\/09\/photo-leskovik-edited.png\" alt=\"\" class=\"wp-image-84\" style=\"aspect-ratio:4\/3;object-fit:cover\" srcset=\"http:\/\/www.specimenfilms.com\/wp-content\/uploads\/2023\/09\/photo-leskovik-edited.png 945w, http:\/\/www.specimenfilms.com\/wp-content\/uploads\/2023\/09\/photo-leskovik-edited-300x188.png 300w, http:\/\/www.specimenfilms.com\/wp-content\/uploads\/2023\/09\/photo-leskovik-edited-768x480.png 768w\" sizes=\"auto, (max-width: 945px) 100vw, 945px\" \/><\/figure>\n\n\n\n<p class=\"has-black-color has-text-color has-medium-font-size\"><\/p>\n<\/div>\n\n\n\n<div class=\"wp-block-column is-layout-flow wp-block-column-is-layout-flow\">\n<figure class=\"wp-block-image size-full\"><img loading=\"lazy\" decoding=\"async\" width=\"947\" height=\"592\" src=\"http:\/\/specimd.cluster029.hosting.ovh.net\/wp-content\/uploads\/2023\/09\/voiture-leskovik-edited.png\" alt=\"\" class=\"wp-image-85\" style=\"aspect-ratio:4\/3;object-fit:cover\" srcset=\"http:\/\/www.specimenfilms.com\/wp-content\/uploads\/2023\/09\/voiture-leskovik-edited.png 947w, http:\/\/www.specimenfilms.com\/wp-content\/uploads\/2023\/09\/voiture-leskovik-edited-300x188.png 300w, http:\/\/www.specimenfilms.com\/wp-content\/uploads\/2023\/09\/voiture-leskovik-edited-768x480.png 768w\" sizes=\"auto, (max-width: 947px) 100vw, 947px\" \/><\/figure>\n\n\n\n<p class=\"has-black-color has-text-color has-medium-font-size\"><\/p>\n<\/div>\n\n\n\n<div class=\"wp-block-column is-layout-flow wp-block-column-is-layout-flow\">\n<figure class=\"wp-block-image size-large\"><img loading=\"lazy\" decoding=\"async\" width=\"1024\" height=\"640\" src=\"http:\/\/specimd.cluster029.hosting.ovh.net\/wp-content\/uploads\/2023\/09\/IMG_3208-1-edited-1024x640.jpg\" alt=\"\" class=\"wp-image-74\" style=\"aspect-ratio:4\/3;object-fit:cover\" srcset=\"http:\/\/www.specimenfilms.com\/wp-content\/uploads\/2023\/09\/IMG_3208-1-edited-1024x640.jpg 1024w, http:\/\/www.specimenfilms.com\/wp-content\/uploads\/2023\/09\/IMG_3208-1-edited-300x188.jpg 300w, http:\/\/www.specimenfilms.com\/wp-content\/uploads\/2023\/09\/IMG_3208-1-edited-768x480.jpg 768w, http:\/\/www.specimenfilms.com\/wp-content\/uploads\/2023\/09\/IMG_3208-1-edited-1536x960.jpg 1536w, http:\/\/www.specimenfilms.com\/wp-content\/uploads\/2023\/09\/IMG_3208-1-edited-2048x1280.jpg 2048w, http:\/\/www.specimenfilms.com\/wp-content\/uploads\/2023\/09\/IMG_3208-1-edited-2000x1250.jpg 2000w\" sizes=\"auto, (max-width: 1024px) 100vw, 1024px\" \/><\/figure>\n\n\n\n<p class=\"has-black-color has-text-color has-medium-font-size\"><\/p>\n<\/div>\n<\/div>\n\n\n\n<p><\/p>\n\n\n\n<p><\/p>\n\n\n\n<p><\/p>\n<\/div><\/div>\n\n\n\n<div class=\"wp-block-cover alignfull\" style=\"padding-top:50px;padding-right:50px;padding-bottom:50px;padding-left:50px;min-height:203px;aspect-ratio:unset;\"><span aria-hidden=\"true\" class=\"wp-block-cover__background has-black-background-color has-background-dim-100 has-background-dim\"><\/span><div class=\"wp-block-cover__inner-container is-layout-flow wp-block-cover-is-layout-flow\">\n<p class=\"has-text-align-center has-large-font-size\"><\/p>\n<\/div><\/div>\n","protected":false},"excerpt":{"rendered":"<p>LESKOVIK Arthur Michel \u2022 fiction \u2022 75&prime; \u2022 in production \u2022 2023 Leskovik, a small town in the mountains of southern Albania, on the border with Europe. Once bustling, Leskovik is now deserted by its youth, who are leaving for the capital or abroad. But some remain: \u00c7ome, to revive the local economy; Byrlyly, because &hellip; <\/p>\n<p class=\"link-more\"><a href=\"http:\/\/www.specimenfilms.com\/index.php\/207-2\/\" class=\"more-link\">Lire la suite de<span class=\"screen-reader-text\">\u00ab\u00a0\u00a0\u00bb<\/span><\/a><\/p>\n","protected":false},"author":1,"featured_media":0,"parent":0,"menu_order":0,"comment_status":"closed","ping_status":"closed","template":"","meta":{"footnotes":""},"class_list":["post-207","page","type-page","status-publish","hentry"],"_links":{"self":[{"href":"http:\/\/www.specimenfilms.com\/index.php\/wp-json\/wp\/v2\/pages\/207","targetHints":{"allow":["GET"]}}],"collection":[{"href":"http:\/\/www.specimenfilms.com\/index.php\/wp-json\/wp\/v2\/pages"}],"about":[{"href":"http:\/\/www.specimenfilms.com\/index.php\/wp-json\/wp\/v2\/types\/page"}],"author":[{"embeddable":true,"href":"http:\/\/www.specimenfilms.com\/index.php\/wp-json\/wp\/v2\/users\/1"}],"replies":[{"embeddable":true,"href":"http:\/\/www.specimenfilms.com\/index.php\/wp-json\/wp\/v2\/comments?post=207"}],"version-history":[{"count":46,"href":"http:\/\/www.specimenfilms.com\/index.php\/wp-json\/wp\/v2\/pages\/207\/revisions"}],"predecessor-version":[{"id":485,"href":"http:\/\/www.specimenfilms.com\/index.php\/wp-json\/wp\/v2\/pages\/207\/revisions\/485"}],"wp:attachment":[{"href":"http:\/\/www.specimenfilms.com\/index.php\/wp-json\/wp\/v2\/media?parent=207"}],"curies":[{"name":"wp","href":"https:\/\/api.w.org\/{rel}","templated":true}]}}