{"id":391,"date":"2023-10-31T14:41:03","date_gmt":"2023-10-31T13:41:03","guid":{"rendered":"http:\/\/specimd.cluster029.hosting.ovh.net\/?page_id=391"},"modified":"2024-05-12T15:34:04","modified_gmt":"2024-05-12T13:34:04","slug":"391-2","status":"publish","type":"page","link":"http:\/\/www.specimenfilms.com\/index.php\/391-2\/","title":{"rendered":""},"content":{"rendered":"\n<p class=\"has-text-align-center\" style=\"font-size:57px\"><strong>FAREWELL, MOM<\/strong><\/p>\n\n\n\n<p class=\"has-text-align-center has-small-font-size\">Ribal Chedid \u2022 fiction \u2022 20&prime; \u2022 in development \u2022 2023<\/p>\n\n\n\n<p style=\"font-size:15px\">Specimen Films is producing Ribal Chedid&rsquo;s next short film, provisionally entitled Farewell, mom. The film was selected at the ShorTS IFF 2024 Development &amp; Pitching Training, Trieste, Italy.<\/p>\n\n\n\n<p style=\"font-size:15px\">His previous short Talk to me reveals Ribal Chedid&rsquo;s talent for simple yet daring cinematographic forms for unspoken family relationships. He would like to continue working on the \u00ab&nbsp;huis clos&nbsp;\u00bb in Lebanon in a new but no less universal and fusional bond: the mother-son relationship, in a country where the migration of children is prepared by previous generations. War concern, departure anxiety.<\/p>\n\n\n\n<p style=\"font-size:15px\">Ribal Chedid is a young Lebanese filmmaker and editor, born in Beirut and currently based in Paris. After studying cinema at the Universit\u00e9 Saint Joseph de Beyrouth (IESAV), he pursued a Master 1 in cinema at the Universit\u00e9 de Paris 1 &#8211; Panth\u00e9on Sorbonne and then at IESA arts&amp;culture. At IESAV, he wrote and directed his graduation short Talk to me (2022). It won the \u00ab\u00a0Best Fiction Film\u00a0\u00bb award at the 7th T\u00e9touan International Film School Festival (Morocco), as well as the \u00ab\u00a0Best Performance\u00a0\u00bb and \u00ab\u00a0Outstanding\u00a0\u00bb awards at the 21st Beijing Film Academy International Student Film and Video Festival. Talk to me represented Lebanon at the 33rd edition of the Journ\u00e9es Cin\u00e9matographiques de Carthage, in the \u00ab\u00a0Carthage Cin\u00e9-Promesse\u00a0\u00bb section. It has also been screened at over 17 festivals in Lebanon (winning a prize at the 28th European Film Festival in Lebanon), Canada, Turkey, Germany, Egypt, Kuwait, Northern Macedonia, Italy, the United States, Morocco, France and Belgium at BSFF.<\/p>\n\n\n\n<p style=\"font-size:15px\">A cinephile, he was a selection jury for the 42nd edition of Munich&rsquo;s Filmschoolfest and is now moving into cinema programming.<\/p>\n\n\n\n<p style=\"font-size:17px\"><em>Article:<\/em><a rel=\"noreferrer noopener\" href=\"https:\/\/www.lorientlejour.com\/article\/1324184\/diplome-de-liesav-son-court-metrage-est-reconnu-a-linternational.html\" target=\"_blank\"> <\/a><a rel=\"noreferrer noopener\" href=\"https:\/\/www.lorientlejour.com\/article\/1324184\/diplome-de-liesav-son-court-metrage-est-reconnu-a-linternational.html\" target=\"_blank\">https:\/\/www.lorientlejour.com\/article\/1324184\/diplome-de-liesav-son-court-metrage-est-reconnu-a-linternational.html<\/a><\/p>\n\n\n\n<div class=\"wp-block-group alignfull\"><div class=\"wp-block-group__inner-container is-layout-constrained wp-block-group-is-layout-constrained\">\n<div class=\"wp-block-columns is-layout-flex wp-container-core-columns-is-layout-9d6595d7 wp-block-columns-is-layout-flex\">\n<div class=\"wp-block-column is-layout-flow wp-block-column-is-layout-flow\">\n<figure class=\"wp-block-image size-large\"><img loading=\"lazy\" decoding=\"async\" width=\"1024\" height=\"542\" src=\"http:\/\/specimd.cluster029.hosting.ovh.net\/wp-content\/uploads\/2023\/10\/TALK-TO-ME_Still-1-1-1024x542.jpg\" alt=\"\" class=\"wp-image-393\" style=\"aspect-ratio:4\/3;object-fit:cover\" srcset=\"http:\/\/www.specimenfilms.com\/wp-content\/uploads\/2023\/10\/TALK-TO-ME_Still-1-1-1024x542.jpg 1024w, http:\/\/www.specimenfilms.com\/wp-content\/uploads\/2023\/10\/TALK-TO-ME_Still-1-1-300x159.jpg 300w, http:\/\/www.specimenfilms.com\/wp-content\/uploads\/2023\/10\/TALK-TO-ME_Still-1-1-768x406.jpg 768w, http:\/\/www.specimenfilms.com\/wp-content\/uploads\/2023\/10\/TALK-TO-ME_Still-1-1-1536x812.jpg 1536w, http:\/\/www.specimenfilms.com\/wp-content\/uploads\/2023\/10\/TALK-TO-ME_Still-1-1-2048x1083.jpg 2048w, http:\/\/www.specimenfilms.com\/wp-content\/uploads\/2023\/10\/TALK-TO-ME_Still-1-1-2000x1058.jpg 2000w\" sizes=\"auto, (max-width: 1024px) 100vw, 1024px\" \/><\/figure>\n\n\n\n<p class=\"has-black-color has-text-color has-medium-font-size\"><\/p>\n<\/div>\n\n\n\n<div class=\"wp-block-column is-layout-flow wp-block-column-is-layout-flow\">\n<figure class=\"wp-block-image size-large\"><img loading=\"lazy\" decoding=\"async\" width=\"724\" height=\"1024\" src=\"http:\/\/specimd.cluster029.hosting.ovh.net\/wp-content\/uploads\/2023\/10\/275251_406351_ebda8e188fb0adb3412df089b91ee816-1-724x1024.jpg\" alt=\"\" class=\"wp-image-420\" style=\"aspect-ratio:4\/3;object-fit:cover\" srcset=\"http:\/\/www.specimenfilms.com\/wp-content\/uploads\/2023\/10\/275251_406351_ebda8e188fb0adb3412df089b91ee816-1-724x1024.jpg 724w, http:\/\/www.specimenfilms.com\/wp-content\/uploads\/2023\/10\/275251_406351_ebda8e188fb0adb3412df089b91ee816-1-212x300.jpg 212w, http:\/\/www.specimenfilms.com\/wp-content\/uploads\/2023\/10\/275251_406351_ebda8e188fb0adb3412df089b91ee816-1-768x1086.jpg 768w, http:\/\/www.specimenfilms.com\/wp-content\/uploads\/2023\/10\/275251_406351_ebda8e188fb0adb3412df089b91ee816-1-1086x1536.jpg 1086w, http:\/\/www.specimenfilms.com\/wp-content\/uploads\/2023\/10\/275251_406351_ebda8e188fb0adb3412df089b91ee816-1-scaled.jpg 1810w\" sizes=\"auto, (max-width: 724px) 100vw, 724px\" \/><\/figure>\n\n\n\n<p class=\"has-black-color has-text-color has-medium-font-size\"><\/p>\n<\/div>\n\n\n\n<div class=\"wp-block-column is-layout-flow wp-block-column-is-layout-flow\">\n<figure class=\"wp-block-image size-large\"><img loading=\"lazy\" decoding=\"async\" width=\"1024\" height=\"542\" src=\"http:\/\/specimd.cluster029.hosting.ovh.net\/wp-content\/uploads\/2023\/10\/TALK-TO-ME_Still-4-1-1024x542.jpg\" alt=\"\" class=\"wp-image-418\" style=\"aspect-ratio:4\/3;object-fit:cover\" srcset=\"http:\/\/www.specimenfilms.com\/wp-content\/uploads\/2023\/10\/TALK-TO-ME_Still-4-1-1024x542.jpg 1024w, http:\/\/www.specimenfilms.com\/wp-content\/uploads\/2023\/10\/TALK-TO-ME_Still-4-1-300x159.jpg 300w, http:\/\/www.specimenfilms.com\/wp-content\/uploads\/2023\/10\/TALK-TO-ME_Still-4-1-768x407.jpg 768w, http:\/\/www.specimenfilms.com\/wp-content\/uploads\/2023\/10\/TALK-TO-ME_Still-4-1-1536x813.jpg 1536w, http:\/\/www.specimenfilms.com\/wp-content\/uploads\/2023\/10\/TALK-TO-ME_Still-4-1-2048x1084.jpg 2048w, http:\/\/www.specimenfilms.com\/wp-content\/uploads\/2023\/10\/TALK-TO-ME_Still-4-1-2000x1059.jpg 2000w\" sizes=\"auto, (max-width: 1024px) 100vw, 1024px\" \/><\/figure>\n\n\n\n<p class=\"has-black-color has-text-color has-medium-font-size\"><\/p>\n<\/div>\n<\/div>\n\n\n\n<p><\/p>\n\n\n\n<p><\/p>\n\n\n\n<p><\/p>\n<\/div><\/div>\n\n\n\n<div class=\"wp-block-cover alignfull\" style=\"padding-top:50px;padding-right:50px;padding-bottom:50px;padding-left:50px;min-height:203px;aspect-ratio:unset;\"><span aria-hidden=\"true\" class=\"wp-block-cover__background has-black-background-color has-background-dim-100 has-background-dim\"><\/span><div class=\"wp-block-cover__inner-container is-layout-flow wp-block-cover-is-layout-flow\">\n<p class=\"has-text-align-center has-large-font-size\"><\/p>\n<\/div><\/div>\n","protected":false},"excerpt":{"rendered":"<p>FAREWELL, MOM Ribal Chedid \u2022 fiction \u2022 20&prime; \u2022 in development \u2022 2023 Specimen Films is producing Ribal Chedid&rsquo;s next short film, provisionally entitled Farewell, mom. The film was selected at the ShorTS IFF 2024 Development &amp; Pitching Training, Trieste, Italy. His previous short Talk to me reveals Ribal Chedid&rsquo;s talent for simple yet daring &hellip; <\/p>\n<p class=\"link-more\"><a href=\"http:\/\/www.specimenfilms.com\/index.php\/391-2\/\" class=\"more-link\">Lire la suite de<span class=\"screen-reader-text\">\u00ab\u00a0\u00a0\u00bb<\/span><\/a><\/p>\n","protected":false},"author":1,"featured_media":0,"parent":0,"menu_order":0,"comment_status":"closed","ping_status":"closed","template":"","meta":{"footnotes":""},"class_list":["post-391","page","type-page","status-publish","hentry"],"_links":{"self":[{"href":"http:\/\/www.specimenfilms.com\/index.php\/wp-json\/wp\/v2\/pages\/391","targetHints":{"allow":["GET"]}}],"collection":[{"href":"http:\/\/www.specimenfilms.com\/index.php\/wp-json\/wp\/v2\/pages"}],"about":[{"href":"http:\/\/www.specimenfilms.com\/index.php\/wp-json\/wp\/v2\/types\/page"}],"author":[{"embeddable":true,"href":"http:\/\/www.specimenfilms.com\/index.php\/wp-json\/wp\/v2\/users\/1"}],"replies":[{"embeddable":true,"href":"http:\/\/www.specimenfilms.com\/index.php\/wp-json\/wp\/v2\/comments?post=391"}],"version-history":[{"count":16,"href":"http:\/\/www.specimenfilms.com\/index.php\/wp-json\/wp\/v2\/pages\/391\/revisions"}],"predecessor-version":[{"id":518,"href":"http:\/\/www.specimenfilms.com\/index.php\/wp-json\/wp\/v2\/pages\/391\/revisions\/518"}],"wp:attachment":[{"href":"http:\/\/www.specimenfilms.com\/index.php\/wp-json\/wp\/v2\/media?parent=391"}],"curies":[{"name":"wp","href":"https:\/\/api.w.org\/{rel}","templated":true}]}}